{"id":6415,"date":"2021-05-24T12:48:26","date_gmt":"2021-05-24T12:48:26","guid":{"rendered":"http:\/\/bestportoapartments.com\/?page_id=6415"},"modified":"2023-09-20T10:48:06","modified_gmt":"2023-09-20T10:48:06","slug":"services","status":"publish","type":"page","link":"https:\/\/bestportoapartments.com\/pt\/services\/","title":{"rendered":"Servi\u00e7os"},"content":{"rendered":"<p>[vc_row][vc_column][vc_empty_space height=&#8221;30px&#8221;]\t\t<div class=\"homey-module module-title section-title-module text-center \">\r\n\t\t\t<h2 >Os nossos servi\u00e7os<\/h2>\r\n\r\n\t\t\t<p  class=\"sub-heading\"><\/p>\r\n\t\t<\/div>\r\n\t\t[vc_row_inner][vc_column_inner width=&#8221;1\/3&#8243;][vc_hoverbox image=&#8221;4493&#8243; primary_title=&#8221;PEQUENO ALMO\u00c7O NO QUARTO&#8221; primary_title_font_container=&#8221;color:%23ffffff&#8221; primary_title_use_theme_fonts=&#8221;yes&#8221; hover_title=&#8221;PEQUENO ALMO\u00c7O NO QUARTO&#8221; shape=&#8221;square&#8221; use_custom_fonts_primary_title=&#8221;true&#8221;]<span style=\"font-weight: 400;\">Servi\u00e7o de pequeno almo\u00e7o no quarto por 10\u20ac por dia e por pessoa<\/span>[\/vc_hoverbox][\/vc_column_inner][vc_column_inner width=&#8221;1\/3&#8243;][vc_hoverbox image=&#8221;6365&#8243; primary_title=&#8221;GARAGEM NAS IMEDIA\u00c7\u00d5ES&#8221; primary_title_font_container=&#8221;color:%23ffffff&#8221; primary_title_use_theme_fonts=&#8221;yes&#8221; hover_title=&#8221;GARAGEM NAS IMEDIA\u00c7\u00d5ES&#8221; shape=&#8221;square&#8221; use_custom_fonts_primary_title=&#8221;true&#8221;]Possibilidade de lugar de garagem nas imedia\u00e7\u00f5es, mediante consulta pr\u00e9via, a partir de 15\u20ac por dia.[\/vc_hoverbox][\/vc_column_inner][vc_column_inner width=&#8221;1\/3&#8243;][vc_hoverbox image=&#8221;6409&#8243; primary_title=&#8221;TRANSFER&#8221; primary_title_font_container=&#8221;color:%23ffffff&#8221; primary_title_use_theme_fonts=&#8221;yes&#8221; hover_title=&#8221;TRANSFER&#8221; use_custom_fonts_primary_title=&#8221;true&#8221;]Servi\u00e7os de transfer de e para o aeroporto, a partir de 25\u20ac at\u00e9 2 pessoas e 45\u20ac at\u00e9 5 pessoas. Pre\u00e7o por viagem[\/vc_hoverbox][\/vc_column_inner][\/vc_row_inner][vc_empty_space height=&#8221;50px&#8221;][\/vc_column][\/vc_row]<\/p>\n","protected":false},"excerpt":{"rendered":"<p>[vc_row][vc_column][vc_empty_space height=&#8221;30px&#8221;][vc_row_inner][vc_column_inner width=&#8221;1\/3&#8243;][vc_hoverbox image=&#8221;4493&#8243; primary_title=&#8221;PEQUENO ALMO\u00c7O NO QUARTO&#8221; primary_title_font_container=&#8221;color:%23ffffff&#8221; primary_title_use_theme_fonts=&#8221;yes&#8221; hover_title=&#8221;PEQUENO ALMO\u00c7O NO QUARTO&#8221; shape=&#8221;square&#8221; use_custom_fonts_primary_title=&#8221;true&#8221;]Servi\u00e7o de pequeno almo\u00e7o no quarto por 10\u20ac por dia e por pessoa[\/vc_hoverbox][\/vc_column_inner][vc_column_inner width=&#8221;1\/3&#8243;][vc_hoverbox image=&#8221;6365&#8243; primary_title=&#8221;GARAGEM NAS IMEDIA\u00c7\u00d5ES&#8221; primary_title_font_container=&#8221;color:%23ffffff&#8221; primary_title_use_theme_fonts=&#8221;yes&#8221; hover_title=&#8221;GARAGEM NAS IMEDIA\u00c7\u00d5ES&#8221; shape=&#8221;square&#8221; use_custom_fonts_primary_title=&#8221;true&#8221;]Possibilidade de lugar de garagem nas imedia\u00e7\u00f5es, mediante consulta pr\u00e9via, a partir de 15\u20ac por dia.[\/vc_hoverbox][\/vc_column_inner][vc_column_inner [&hellip;]<\/p>\n","protected":false},"author":1,"featured_media":0,"parent":0,"menu_order":0,"comment_status":"closed","ping_status":"closed","template":"template\/template-homepage.php","meta":{"inline_featured_image":false,"_joinchat":[],"footnotes":""},"_links":{"self":[{"href":"https:\/\/bestportoapartments.com\/pt\/wp-json\/wp\/v2\/pages\/6415"}],"collection":[{"href":"https:\/\/bestportoapartments.com\/pt\/wp-json\/wp\/v2\/pages"}],"about":[{"href":"https:\/\/bestportoapartments.com\/pt\/wp-json\/wp\/v2\/types\/page"}],"author":[{"embeddable":true,"href":"https:\/\/bestportoapartments.com\/pt\/wp-json\/wp\/v2\/users\/1"}],"replies":[{"embeddable":true,"href":"https:\/\/bestportoapartments.com\/pt\/wp-json\/wp\/v2\/comments?post=6415"}],"version-history":[{"count":0,"href":"https:\/\/bestportoapartments.com\/pt\/wp-json\/wp\/v2\/pages\/6415\/revisions"}],"wp:attachment":[{"href":"https:\/\/bestportoapartments.com\/pt\/wp-json\/wp\/v2\/media?parent=6415"}],"curies":[{"name":"wp","href":"https:\/\/api.w.org\/{rel}","templated":true}]}}